{"id":34,"date":"2015-04-20T20:08:19","date_gmt":"2015-04-20T20:08:19","guid":{"rendered":"http:\/\/www.foucarmont.com\/foulees\/?page_id=34"},"modified":"2025-06-28T14:01:04","modified_gmt":"2025-06-28T12:01:04","slug":"ils-nous-font-confiance","status":"publish","type":"page","link":"https:\/\/foulees.foucarmont.com\/?page_id=34","title":{"rendered":"Ils nous ont fait confiance en 2024 !"},"content":{"rendered":"<p style=\"text-align: left;\">Retrouvez ici les g\u00e9n\u00e9reux sponsors de l&rsquo;\u00e9dition 2024. Merci \u00e0 eux !<\/p>\n<div id='gallery-1' class='gallery galleryid-34 gallery-columns-2 gallery-size-medium'><figure class='gallery-item'>\n\t\t\t<div class='gallery-icon landscape'>\n\t\t\t\t<a href='https:\/\/foulees.foucarmont.com\/?attachment_id=927'><img loading=\"lazy\" decoding=\"async\" width=\"300\" height=\"88\" src=\"https:\/\/foulees.foucarmont.com\/wp-content\/uploads\/2019\/08\/Braysports-300x88.png\" class=\"attachment-medium size-medium\" alt=\"\" srcset=\"https:\/\/foulees.foucarmont.com\/wp-content\/uploads\/2019\/08\/Braysports-300x88.png 300w, https:\/\/foulees.foucarmont.com\/wp-content\/uploads\/2019\/08\/Braysports-768x225.png 768w, https:\/\/foulees.foucarmont.com\/wp-content\/uploads\/2019\/08\/Braysports-1024x300.png 1024w, https:\/\/foulees.foucarmont.com\/wp-content\/uploads\/2019\/08\/Braysports.png 1200w\" sizes=\"auto, (max-width: 300px) 100vw, 300px\" \/><\/a>\n\t\t\t<\/div><\/figure><figure class='gallery-item'>\n\t\t\t<div class='gallery-icon landscape'>\n\t\t\t\t<a href='https:\/\/foulees.foucarmont.com\/?attachment_id=1617'><img loading=\"lazy\" decoding=\"async\" width=\"300\" height=\"193\" src=\"https:\/\/foulees.foucarmont.com\/wp-content\/uploads\/2023\/08\/Hubert-B\u00e9hais-Carte-300x193.jpg\" class=\"attachment-medium size-medium\" alt=\"\" srcset=\"https:\/\/foulees.foucarmont.com\/wp-content\/uploads\/2023\/08\/Hubert-B\u00e9hais-Carte-300x193.jpg 300w, https:\/\/foulees.foucarmont.com\/wp-content\/uploads\/2023\/08\/Hubert-B\u00e9hais-Carte.jpg 605w\" sizes=\"auto, (max-width: 300px) 100vw, 300px\" \/><\/a>\n\t\t\t<\/div><\/figure><figure class='gallery-item'>\n\t\t\t<div class='gallery-icon landscape'>\n\t\t\t\t<a href='https:\/\/foulees.foucarmont.com\/?attachment_id=1619'><img loading=\"lazy\" decoding=\"async\" width=\"300\" height=\"180\" src=\"https:\/\/foulees.foucarmont.com\/wp-content\/uploads\/2023\/08\/INTERmarch\u00e9-300x180.jpg\" class=\"attachment-medium size-medium\" alt=\"\" srcset=\"https:\/\/foulees.foucarmont.com\/wp-content\/uploads\/2023\/08\/INTERmarch\u00e9-300x180.jpg 300w, https:\/\/foulees.foucarmont.com\/wp-content\/uploads\/2023\/08\/INTERmarch\u00e9-768x462.jpg 768w, https:\/\/foulees.foucarmont.com\/wp-content\/uploads\/2023\/08\/INTERmarch\u00e9.jpg 900w\" sizes=\"auto, (max-width: 300px) 100vw, 300px\" \/><\/a>\n\t\t\t<\/div><\/figure><figure class='gallery-item'>\n\t\t\t<div class='gallery-icon landscape'>\n\t\t\t\t<a href='https:\/\/foulees.foucarmont.com\/?attachment_id=1624'><img loading=\"lazy\" decoding=\"async\" width=\"300\" height=\"191\" src=\"https:\/\/foulees.foucarmont.com\/wp-content\/uploads\/2023\/08\/MetoFer-HD-300x191.jpg\" class=\"attachment-medium size-medium\" alt=\"\" srcset=\"https:\/\/foulees.foucarmont.com\/wp-content\/uploads\/2023\/08\/MetoFer-HD-300x191.jpg 300w, https:\/\/foulees.foucarmont.com\/wp-content\/uploads\/2023\/08\/MetoFer-HD-768x489.jpg 768w, https:\/\/foulees.foucarmont.com\/wp-content\/uploads\/2023\/08\/MetoFer-HD-1024x651.jpg 1024w, https:\/\/foulees.foucarmont.com\/wp-content\/uploads\/2023\/08\/MetoFer-HD.jpg 1116w\" sizes=\"auto, (max-width: 300px) 100vw, 300px\" \/><\/a>\n\t\t\t<\/div><\/figure><figure class='gallery-item'>\n\t\t\t<div class='gallery-icon landscape'>\n\t\t\t\t<a href='https:\/\/foulees.foucarmont.com\/?attachment_id=1610'><img loading=\"lazy\" decoding=\"async\" width=\"300\" height=\"153\" src=\"https:\/\/foulees.foucarmont.com\/wp-content\/uploads\/2023\/08\/Capture-Thibault-BI-D\u00e9f-300x153.jpg\" class=\"attachment-medium size-medium\" alt=\"\" srcset=\"https:\/\/foulees.foucarmont.com\/wp-content\/uploads\/2023\/08\/Capture-Thibault-BI-D\u00e9f-300x153.jpg 300w, https:\/\/foulees.foucarmont.com\/wp-content\/uploads\/2023\/08\/Capture-Thibault-BI-D\u00e9f-768x391.jpg 768w, https:\/\/foulees.foucarmont.com\/wp-content\/uploads\/2023\/08\/Capture-Thibault-BI-D\u00e9f-1024x521.jpg 1024w, https:\/\/foulees.foucarmont.com\/wp-content\/uploads\/2023\/08\/Capture-Thibault-BI-D\u00e9f.jpg 1095w\" sizes=\"auto, (max-width: 300px) 100vw, 300px\" \/><\/a>\n\t\t\t<\/div><\/figure><figure class='gallery-item'>\n\t\t\t<div class='gallery-icon landscape'>\n\t\t\t\t<a href='https:\/\/foulees.foucarmont.com\/?attachment_id=1625'><img loading=\"lazy\" decoding=\"async\" width=\"300\" height=\"174\" src=\"https:\/\/foulees.foucarmont.com\/wp-content\/uploads\/2023\/08\/Micka\u00ebl-Murat-Logo-HD-300x174.jpg\" class=\"attachment-medium size-medium\" alt=\"\" srcset=\"https:\/\/foulees.foucarmont.com\/wp-content\/uploads\/2023\/08\/Micka\u00ebl-Murat-Logo-HD-300x174.jpg 300w, https:\/\/foulees.foucarmont.com\/wp-content\/uploads\/2023\/08\/Micka\u00ebl-Murat-Logo-HD-768x445.jpg 768w, https:\/\/foulees.foucarmont.com\/wp-content\/uploads\/2023\/08\/Micka\u00ebl-Murat-Logo-HD-1024x593.jpg 1024w, https:\/\/foulees.foucarmont.com\/wp-content\/uploads\/2023\/08\/Micka\u00ebl-Murat-Logo-HD.jpg 1816w\" sizes=\"auto, (max-width: 300px) 100vw, 300px\" \/><\/a>\n\t\t\t<\/div><\/figure><figure class='gallery-item'>\n\t\t\t<div class='gallery-icon landscape'>\n\t\t\t\t<a href='https:\/\/foulees.foucarmont.com\/?attachment_id=1620'><img loading=\"lazy\" decoding=\"async\" width=\"300\" height=\"185\" src=\"https:\/\/foulees.foucarmont.com\/wp-content\/uploads\/2023\/08\/J\u00e9r\u00f4me-Foss\u00e9-300x185.jpg\" class=\"attachment-medium size-medium\" alt=\"\" srcset=\"https:\/\/foulees.foucarmont.com\/wp-content\/uploads\/2023\/08\/J\u00e9r\u00f4me-Foss\u00e9-300x185.jpg 300w, https:\/\/foulees.foucarmont.com\/wp-content\/uploads\/2023\/08\/J\u00e9r\u00f4me-Foss\u00e9-768x474.jpg 768w, https:\/\/foulees.foucarmont.com\/wp-content\/uploads\/2023\/08\/J\u00e9r\u00f4me-Foss\u00e9.jpg 1010w\" sizes=\"auto, (max-width: 300px) 100vw, 300px\" \/><\/a>\n\t\t\t<\/div><\/figure><figure class='gallery-item'>\n\t\t\t<div class='gallery-icon landscape'>\n\t\t\t\t<a href='https:\/\/foulees.foucarmont.com\/?attachment_id=1614'><img loading=\"lazy\" decoding=\"async\" width=\"300\" height=\"160\" src=\"https:\/\/foulees.foucarmont.com\/wp-content\/uploads\/2023\/08\/FC-Denis-2-300x160.jpg\" class=\"attachment-medium size-medium\" alt=\"\" srcset=\"https:\/\/foulees.foucarmont.com\/wp-content\/uploads\/2023\/08\/FC-Denis-2-300x160.jpg 300w, https:\/\/foulees.foucarmont.com\/wp-content\/uploads\/2023\/08\/FC-Denis-2-768x409.jpg 768w, https:\/\/foulees.foucarmont.com\/wp-content\/uploads\/2023\/08\/FC-Denis-2.jpg 865w\" sizes=\"auto, (max-width: 300px) 100vw, 300px\" \/><\/a>\n\t\t\t<\/div><\/figure><figure class='gallery-item'>\n\t\t\t<div class='gallery-icon landscape'>\n\t\t\t\t<a href='https:\/\/foulees.foucarmont.com\/?attachment_id=1615'><img loading=\"lazy\" decoding=\"async\" width=\"254\" height=\"254\" src=\"https:\/\/foulees.foucarmont.com\/wp-content\/uploads\/2023\/08\/FC-Menuiseries-DENIS.jpg\" class=\"attachment-medium size-medium\" alt=\"\" srcset=\"https:\/\/foulees.foucarmont.com\/wp-content\/uploads\/2023\/08\/FC-Menuiseries-DENIS.jpg 254w, https:\/\/foulees.foucarmont.com\/wp-content\/uploads\/2023\/08\/FC-Menuiseries-DENIS-150x150.jpg 150w, https:\/\/foulees.foucarmont.com\/wp-content\/uploads\/2023\/08\/FC-Menuiseries-DENIS-230x230.jpg 230w\" sizes=\"auto, (max-width: 254px) 100vw, 254px\" \/><\/a>\n\t\t\t<\/div><\/figure><figure class='gallery-item'>\n\t\t\t<div class='gallery-icon landscape'>\n\t\t\t\t<a href='https:\/\/foulees.foucarmont.com\/?attachment_id=1611'><img loading=\"lazy\" decoding=\"async\" width=\"283\" height=\"177\" src=\"https:\/\/foulees.foucarmont.com\/wp-content\/uploads\/2023\/08\/Christophe-Fleurs-3.jpg\" class=\"attachment-medium size-medium\" alt=\"\" \/><\/a>\n\t\t\t<\/div><\/figure><figure class='gallery-item'>\n\t\t\t<div class='gallery-icon landscape'>\n\t\t\t\t<a href='https:\/\/foulees.foucarmont.com\/?attachment_id=1626'><img loading=\"lazy\" decoding=\"async\" width=\"300\" height=\"169\" src=\"https:\/\/foulees.foucarmont.com\/wp-content\/uploads\/2023\/08\/Pharmacie-de-lY\u00e8res-fa\u00e7ade-Logo-300x169.jpg\" class=\"attachment-medium size-medium\" alt=\"\" srcset=\"https:\/\/foulees.foucarmont.com\/wp-content\/uploads\/2023\/08\/Pharmacie-de-lY\u00e8res-fa\u00e7ade-Logo-300x169.jpg 300w, https:\/\/foulees.foucarmont.com\/wp-content\/uploads\/2023\/08\/Pharmacie-de-lY\u00e8res-fa\u00e7ade-Logo-768x432.jpg 768w, https:\/\/foulees.foucarmont.com\/wp-content\/uploads\/2023\/08\/Pharmacie-de-lY\u00e8res-fa\u00e7ade-Logo-1024x576.jpg 1024w, https:\/\/foulees.foucarmont.com\/wp-content\/uploads\/2023\/08\/Pharmacie-de-lY\u00e8res-fa\u00e7ade-Logo.jpg 1905w\" sizes=\"auto, (max-width: 300px) 100vw, 300px\" \/><\/a>\n\t\t\t<\/div><\/figure><figure class='gallery-item'>\n\t\t\t<div class='gallery-icon landscape'>\n\t\t\t\t<a href='https:\/\/foulees.foucarmont.com\/?attachment_id=1621'><img loading=\"lazy\" decoding=\"async\" width=\"300\" height=\"216\" src=\"https:\/\/foulees.foucarmont.com\/wp-content\/uploads\/2023\/08\/Les-duvets-normands-Complet-HD-300x216.jpg\" class=\"attachment-medium size-medium\" alt=\"\" srcset=\"https:\/\/foulees.foucarmont.com\/wp-content\/uploads\/2023\/08\/Les-duvets-normands-Complet-HD-300x216.jpg 300w, https:\/\/foulees.foucarmont.com\/wp-content\/uploads\/2023\/08\/Les-duvets-normands-Complet-HD-768x553.jpg 768w, https:\/\/foulees.foucarmont.com\/wp-content\/uploads\/2023\/08\/Les-duvets-normands-Complet-HD-1024x737.jpg 1024w\" sizes=\"auto, (max-width: 300px) 100vw, 300px\" \/><\/a>\n\t\t\t<\/div><\/figure><figure class='gallery-item'>\n\t\t\t<div class='gallery-icon landscape'>\n\t\t\t\t<a href='https:\/\/foulees.foucarmont.com\/?attachment_id=1627'><img loading=\"lazy\" decoding=\"async\" width=\"300\" height=\"148\" src=\"https:\/\/foulees.foucarmont.com\/wp-content\/uploads\/2023\/08\/Ricouard-TP-Couleur-300x148.jpg\" class=\"attachment-medium size-medium\" alt=\"\" srcset=\"https:\/\/foulees.foucarmont.com\/wp-content\/uploads\/2023\/08\/Ricouard-TP-Couleur-300x148.jpg 300w, https:\/\/foulees.foucarmont.com\/wp-content\/uploads\/2023\/08\/Ricouard-TP-Couleur-768x379.jpg 768w, https:\/\/foulees.foucarmont.com\/wp-content\/uploads\/2023\/08\/Ricouard-TP-Couleur-1024x505.jpg 1024w, https:\/\/foulees.foucarmont.com\/wp-content\/uploads\/2023\/08\/Ricouard-TP-Couleur.jpg 2016w\" sizes=\"auto, (max-width: 300px) 100vw, 300px\" \/><\/a>\n\t\t\t<\/div><\/figure><figure class='gallery-item'>\n\t\t\t<div class='gallery-icon landscape'>\n\t\t\t\t<a href='https:\/\/foulees.foucarmont.com\/?attachment_id=1616'><img loading=\"lazy\" decoding=\"async\" width=\"300\" height=\"95\" src=\"https:\/\/foulees.foucarmont.com\/wp-content\/uploads\/2023\/08\/GROUPAMA-Logo-300x95.jpg\" class=\"attachment-medium size-medium\" alt=\"\" srcset=\"https:\/\/foulees.foucarmont.com\/wp-content\/uploads\/2023\/08\/GROUPAMA-Logo-300x95.jpg 300w, https:\/\/foulees.foucarmont.com\/wp-content\/uploads\/2023\/08\/GROUPAMA-Logo-768x242.jpg 768w, https:\/\/foulees.foucarmont.com\/wp-content\/uploads\/2023\/08\/GROUPAMA-Logo.jpg 944w\" sizes=\"auto, (max-width: 300px) 100vw, 300px\" \/><\/a>\n\t\t\t<\/div><\/figure><figure class='gallery-item'>\n\t\t\t<div class='gallery-icon portrait'>\n\t\t\t\t<a href='https:\/\/foulees.foucarmont.com\/?attachment_id=1622'><img loading=\"lazy\" decoding=\"async\" width=\"200\" height=\"221\" src=\"https:\/\/foulees.foucarmont.com\/wp-content\/uploads\/2023\/08\/Logo-Eglise-Il\u00f4t-D\u00e9finitif.png\" class=\"attachment-medium size-medium\" alt=\"\" \/><\/a>\n\t\t\t<\/div><\/figure><figure class='gallery-item'>\n\t\t\t<div class='gallery-icon portrait'>\n\t\t\t\t<a href='https:\/\/foulees.foucarmont.com\/?attachment_id=1628'><img loading=\"lazy\" decoding=\"async\" width=\"292\" height=\"300\" src=\"https:\/\/foulees.foucarmont.com\/wp-content\/uploads\/2023\/08\/logo__cd_76_coul-292x300.jpg\" class=\"attachment-medium size-medium\" alt=\"\" srcset=\"https:\/\/foulees.foucarmont.com\/wp-content\/uploads\/2023\/08\/logo__cd_76_coul-292x300.jpg 292w, https:\/\/foulees.foucarmont.com\/wp-content\/uploads\/2023\/08\/logo__cd_76_coul.jpg 550w\" sizes=\"auto, (max-width: 292px) 100vw, 292px\" \/><\/a>\n\t\t\t<\/div><\/figure><figure class='gallery-item'>\n\t\t\t<div class='gallery-icon portrait'>\n\t\t\t\t<a href='https:\/\/foulees.foucarmont.com\/?attachment_id=1629'><img loading=\"lazy\" decoding=\"async\" width=\"266\" height=\"300\" src=\"https:\/\/foulees.foucarmont.com\/wp-content\/uploads\/2023\/08\/LOGO-bloc-sport-carre-Quadri-CRCA-266x300.jpg\" class=\"attachment-medium size-medium\" alt=\"\" srcset=\"https:\/\/foulees.foucarmont.com\/wp-content\/uploads\/2023\/08\/LOGO-bloc-sport-carre-Quadri-CRCA-266x300.jpg 266w, https:\/\/foulees.foucarmont.com\/wp-content\/uploads\/2023\/08\/LOGO-bloc-sport-carre-Quadri-CRCA.jpg 567w\" sizes=\"auto, (max-width: 266px) 100vw, 266px\" \/><\/a>\n\t\t\t<\/div><\/figure>\n\t\t<\/div>\n\n<p><em>(Tout oubli serait involontaire. Merci de nous le signaler)<\/em><\/p>\n<p>Vous souhaitez nous aider ? Contactez la Pr\u00e9sidente de l&rsquo;association.<\/p>\n","protected":false},"excerpt":{"rendered":"<p>Retrouvez ici les g\u00e9n\u00e9reux sponsors de l&rsquo;\u00e9dition 2024. Merci \u00e0 eux ! (Tout oubli serait involontaire. Merci de nous le signaler) Vous souhaitez nous aider ? Contactez la Pr\u00e9sidente de l&rsquo;association.<\/p>\n","protected":false},"author":1,"featured_media":0,"parent":0,"menu_order":0,"comment_status":"closed","ping_status":"closed","template":"","meta":{"footnotes":""},"class_list":["post-34","page","type-page","status-publish","hentry"],"_links":{"self":[{"href":"https:\/\/foulees.foucarmont.com\/index.php?rest_route=\/wp\/v2\/pages\/34","targetHints":{"allow":["GET"]}}],"collection":[{"href":"https:\/\/foulees.foucarmont.com\/index.php?rest_route=\/wp\/v2\/pages"}],"about":[{"href":"https:\/\/foulees.foucarmont.com\/index.php?rest_route=\/wp\/v2\/types\/page"}],"author":[{"embeddable":true,"href":"https:\/\/foulees.foucarmont.com\/index.php?rest_route=\/wp\/v2\/users\/1"}],"replies":[{"embeddable":true,"href":"https:\/\/foulees.foucarmont.com\/index.php?rest_route=%2Fwp%2Fv2%2Fcomments&post=34"}],"version-history":[{"count":20,"href":"https:\/\/foulees.foucarmont.com\/index.php?rest_route=\/wp\/v2\/pages\/34\/revisions"}],"predecessor-version":[{"id":2222,"href":"https:\/\/foulees.foucarmont.com\/index.php?rest_route=\/wp\/v2\/pages\/34\/revisions\/2222"}],"wp:attachment":[{"href":"https:\/\/foulees.foucarmont.com\/index.php?rest_route=%2Fwp%2Fv2%2Fmedia&parent=34"}],"curies":[{"name":"wp","href":"https:\/\/api.w.org\/{rel}","templated":true}]}}