{"id":82,"date":"2015-08-30T18:55:43","date_gmt":"2015-08-30T18:55:43","guid":{"rendered":"http:\/\/www.foucarmont.com\/foulees\/?page_id=82"},"modified":"2019-08-26T15:10:10","modified_gmt":"2019-08-26T13:10:10","slug":"les-resultats-2015","status":"publish","type":"page","link":"https:\/\/foulees.foucarmont.com\/?page_id=82","title":{"rendered":"Les r\u00e9sultats 2019"},"content":{"rendered":"<p>105\u00a0class\u00e9s aux 6kms Marche et 133 class\u00e9s aux 10 kms Course, une bien belle \u00e9dition sous un ciel cl\u00e9ment encore cette ann\u00e9e !<\/p>\n<p>Retrouvez les r\u00e9sultats ci-dessous :<\/p>\n<ul>\n<li><a href=\"http:\/\/www.foucarmont.com\/foulees\/wp-content\/uploads\/2019\/08\/6-km-marche-scratch.pdf\">6 km marche scratch<\/a><\/li>\n<li><a href=\"http:\/\/www.foucarmont.com\/foulees\/wp-content\/uploads\/2019\/08\/6-km-marche-par-categorie.pdf\">6 km marche par categorie<\/a><\/li>\n<li><a href=\"http:\/\/www.foucarmont.com\/foulees\/wp-content\/uploads\/2019\/08\/10-km-course-scratch.xlsx\">10 km course scratch<\/a><\/li>\n<li><a href=\"http:\/\/www.foucarmont.com\/foulees\/wp-content\/uploads\/2019\/08\/10-km-course-par-categorie.xlsx\">10 km course par categorie<\/a><\/li>\n<\/ul>\n<p>&nbsp;<\/p>\n","protected":false},"excerpt":{"rendered":"<p>105\u00a0class\u00e9s aux 6kms Marche et 133 class\u00e9s aux 10 kms Course, une bien belle \u00e9dition sous un ciel cl\u00e9ment encore cette ann\u00e9e ! Retrouvez les r\u00e9sultats ci-dessous : 6 km marche scratch 6 km marche par categorie 10 km course<\/p>\n","protected":false},"author":1,"featured_media":0,"parent":0,"menu_order":0,"comment_status":"closed","ping_status":"closed","template":"","meta":{"footnotes":""},"class_list":["post-82","page","type-page","status-publish","hentry"],"_links":{"self":[{"href":"https:\/\/foulees.foucarmont.com\/index.php?rest_route=\/wp\/v2\/pages\/82","targetHints":{"allow":["GET"]}}],"collection":[{"href":"https:\/\/foulees.foucarmont.com\/index.php?rest_route=\/wp\/v2\/pages"}],"about":[{"href":"https:\/\/foulees.foucarmont.com\/index.php?rest_route=\/wp\/v2\/types\/page"}],"author":[{"embeddable":true,"href":"https:\/\/foulees.foucarmont.com\/index.php?rest_route=\/wp\/v2\/users\/1"}],"replies":[{"embeddable":true,"href":"https:\/\/foulees.foucarmont.com\/index.php?rest_route=%2Fwp%2Fv2%2Fcomments&post=82"}],"version-history":[{"count":13,"href":"https:\/\/foulees.foucarmont.com\/index.php?rest_route=\/wp\/v2\/pages\/82\/revisions"}],"predecessor-version":[{"id":919,"href":"https:\/\/foulees.foucarmont.com\/index.php?rest_route=\/wp\/v2\/pages\/82\/revisions\/919"}],"wp:attachment":[{"href":"https:\/\/foulees.foucarmont.com\/index.php?rest_route=%2Fwp%2Fv2%2Fmedia&parent=82"}],"curies":[{"name":"wp","href":"https:\/\/api.w.org\/{rel}","templated":true}]}}